{"id":15,"date":"2026-02-01T15:31:49","date_gmt":"2026-02-01T14:31:49","guid":{"rendered":"https:\/\/www.itilfrance.com\/?page_id=15"},"modified":"2026-03-27T21:52:16","modified_gmt":"2026-03-27T20:52:16","slug":"bienvenue","status":"publish","type":"page","link":"https:\/\/www.itilfrance.com\/","title":{"rendered":"Bienvenue"},"content":{"rendered":"\t\t<div data-elementor-type=\"wp-page\" data-elementor-id=\"15\" class=\"elementor elementor-15\" data-elementor-post-type=\"page\">\n\t\t\t\t<div class=\"elementor-element elementor-element-7a324b54 e-flex e-con-boxed e-con e-parent\" data-id=\"7a324b54\" data-element_type=\"container\" data-e-type=\"container\">\n\t\t\t\t\t<div class=\"e-con-inner\">\n\t\t<div class=\"elementor-element elementor-element-dfc76fa e-grid e-con-full e-con e-child\" data-id=\"dfc76fa\" data-element_type=\"container\" data-e-type=\"container\">\n\t\t\t\t<div class=\"elementor-element elementor-element-a935f5b elementor-widget elementor-widget-image\" data-id=\"a935f5b\" data-element_type=\"widget\" data-e-type=\"widget\" data-widget_type=\"image.default\">\n\t\t\t\t\t\t\t\t\t\t\t\t\t\t\t<img decoding=\"async\" width=\"300\" height=\"158\" src=\"https:\/\/www.itilfrance.com\/wp-content\/uploads\/2026\/02\/Filigrane-itil5-300x158.jpg\" class=\"attachment-medium size-medium wp-image-1086\" alt=\"\" srcset=\"https:\/\/www.itilfrance.com\/wp-content\/uploads\/2026\/02\/Filigrane-itil5-300x158.jpg 300w, https:\/\/www.itilfrance.com\/wp-content\/uploads\/2026\/02\/Filigrane-itil5-768x406.jpg 768w, https:\/\/www.itilfrance.com\/wp-content\/uploads\/2026\/02\/Filigrane-itil5-360x190.jpg 360w, https:\/\/www.itilfrance.com\/wp-content\/uploads\/2026\/02\/Filigrane-itil5-500x264.jpg 500w, https:\/\/www.itilfrance.com\/wp-content\/uploads\/2026\/02\/Filigrane-itil5.jpg 1000w\" sizes=\"(max-width: 300px) 100vw, 300px\" \/>\t\t\t\t\t\t\t\t\t\t\t\t\t\t\t<\/div>\n\t\t\t\t<div class=\"elementor-element elementor-element-25a218cf elementor-widget elementor-widget-text-editor\" data-id=\"25a218cf\" data-element_type=\"widget\" data-e-type=\"widget\" data-widget_type=\"text-editor.default\">\n\t\t\t\t\t\t\t\t\t\n<p>Cr\u00e9\u00e9 en mai 2003, ce site a suivi toutes les \u00e9volutions d&rsquo;ITIL, de la version 2 en 2004, suivie de la version 3 en 2007 et de la version 4 en 2019.<\/p>\n<p>Et voici l&rsquo;\u00e9volution ITIL (version 5).<\/p>\n\t\t\t\t\t\t\t\t<\/div>\n\t\t\t\t<\/div>\n\t\t\t\t\t<\/div>\n\t\t\t\t<\/div>\n\t\t<div class=\"elementor-element elementor-element-b4c0427 e-flex e-con-boxed e-con e-parent\" data-id=\"b4c0427\" data-element_type=\"container\" data-e-type=\"container\">\n\t\t\t\t\t<div class=\"e-con-inner\">\n\t\t\t\t<div class=\"elementor-element elementor-element-4d35094 elementor-widget elementor-widget-text-editor\" data-id=\"4d35094\" data-element_type=\"widget\" data-e-type=\"widget\" data-widget_type=\"text-editor.default\">\n\t\t\t\t\t\t\t\t\t<p>Ce site propose des vid\u00e9os et des documents \u00e0 t\u00e9l\u00e9charger sur ITIL, l&rsquo;ITSM et des r\u00e9f\u00e9rentiel de bonnes pratiques associ\u00e9s, le tout gratuitement.<\/p>\n<p><!-- \/wp:paragraph --><!-- wp:paragraph --><\/p>\n<p>Ce site n&rsquo;est pas le site officiel ITIL. Veuillez suivre ce lien pour trouver les informations officielles sur ITIL : <a href=\"https:\/\/www.peoplecert.org\">PeopleCert<\/a>.<\/p>\t\t\t\t\t\t\t\t<\/div>\n\t\t\t\t<div class=\"elementor-element elementor-element-effc2fc elementor-widget elementor-widget-heading\" data-id=\"effc2fc\" data-element_type=\"widget\" data-e-type=\"widget\" data-widget_type=\"heading.default\">\n\t\t\t\t\t<h2 class=\"elementor-heading-title elementor-size-default\">Vid\u00e9os du site<\/h2>\t\t\t\t<\/div>\n\t\t\t\t<div class=\"elementor-element elementor-element-64f5a50 elementor-grid-1 elementor-posts--thumbnail-left elementor-grid-tablet-2 elementor-grid-mobile-1 elementor-widget elementor-widget-posts\" data-id=\"64f5a50\" data-element_type=\"widget\" data-e-type=\"widget\" data-settings=\"{&quot;classic_columns&quot;:&quot;1&quot;,&quot;classic_row_gap&quot;:{&quot;unit&quot;:&quot;px&quot;,&quot;size&quot;:0,&quot;sizes&quot;:[]},&quot;classic_columns_tablet&quot;:&quot;2&quot;,&quot;classic_columns_mobile&quot;:&quot;1&quot;,&quot;classic_row_gap_tablet&quot;:{&quot;unit&quot;:&quot;px&quot;,&quot;size&quot;:&quot;&quot;,&quot;sizes&quot;:[]},&quot;classic_row_gap_mobile&quot;:{&quot;unit&quot;:&quot;px&quot;,&quot;size&quot;:&quot;&quot;,&quot;sizes&quot;:[]}}\" data-widget_type=\"posts.classic\">\n\t\t\t\t<div class=\"elementor-widget-container\">\n\t\t\t\t\t\t\t<div class=\"elementor-posts-container elementor-posts elementor-posts--skin-classic elementor-grid\" role=\"list\">\n\t\t\t\t<article class=\"elementor-post elementor-grid-item post-1145 video type-video status-publish has-post-thumbnail hentry referentiel-prince2-7\" role=\"listitem\">\n\t\t\t\t<a class=\"elementor-post__thumbnail__link\" href=\"https:\/\/www.itilfrance.com\/video\/prince2-7-lexecutif-et-le-chef-de-projet\/\" tabindex=\"-1\" >\n\t\t\t<div class=\"elementor-post__thumbnail\"><img fetchpriority=\"high\" decoding=\"async\" width=\"584\" height=\"329\" src=\"https:\/\/www.itilfrance.com\/wp-content\/uploads\/2026\/03\/vlcsnap-2026-03-27-21h38m15s569-768x432.png\" class=\"attachment-medium_large size-medium_large wp-image-1159\" alt=\"\" srcset=\"https:\/\/www.itilfrance.com\/wp-content\/uploads\/2026\/03\/vlcsnap-2026-03-27-21h38m15s569-768x432.png 768w, https:\/\/www.itilfrance.com\/wp-content\/uploads\/2026\/03\/vlcsnap-2026-03-27-21h38m15s569-300x169.png 300w, https:\/\/www.itilfrance.com\/wp-content\/uploads\/2026\/03\/vlcsnap-2026-03-27-21h38m15s569-1024x576.png 1024w, https:\/\/www.itilfrance.com\/wp-content\/uploads\/2026\/03\/vlcsnap-2026-03-27-21h38m15s569-1536x864.png 1536w, https:\/\/www.itilfrance.com\/wp-content\/uploads\/2026\/03\/vlcsnap-2026-03-27-21h38m15s569-360x203.png 360w, https:\/\/www.itilfrance.com\/wp-content\/uploads\/2026\/03\/vlcsnap-2026-03-27-21h38m15s569-500x281.png 500w, https:\/\/www.itilfrance.com\/wp-content\/uploads\/2026\/03\/vlcsnap-2026-03-27-21h38m15s569.png 1920w\" sizes=\"(max-width: 584px) 100vw, 584px\" \/><\/div>\n\t\t<\/a>\n\t\t\t\t<div class=\"elementor-post__text\">\n\t\t\t\t<h3 class=\"elementor-post__title\">\n\t\t\t<a href=\"https:\/\/www.itilfrance.com\/video\/prince2-7-lexecutif-et-le-chef-de-projet\/\" >\n\t\t\t\tPRINCE2 7 : l&rsquo;ex\u00e9cutif et le chef de projet\t\t\t<\/a>\n\t\t<\/h3>\n\t\t\t\t<div class=\"elementor-post__excerpt\">\n\t\t\t<p>Deux situations : le succ\u00e8s du projet et l&rsquo;\u00e9chec du projet <a href=\"https:\/\/www.itilfrance.com\/video\/prince2-7-lexecutif-et-le-chef-de-projet\/\">Continuer la lecture <span class=\"meta-nav\">&rarr;<\/span><\/a><\/p>\n\t\t<\/div>\n\t\t\n\t\t<a class=\"elementor-post__read-more\" href=\"https:\/\/www.itilfrance.com\/video\/prince2-7-lexecutif-et-le-chef-de-projet\/\" aria-label=\"En savoir plus sur PRINCE2 7 : l&rsquo;ex\u00e9cutif et le chef de projet\" tabindex=\"-1\" >\n\t\t\tVoir la vid\u00e9o \u00bb\t\t<\/a>\n\n\t\t\t\t<\/div>\n\t\t\t\t<\/article>\n\t\t\t\t<article class=\"elementor-post elementor-grid-item post-1139 video type-video status-publish has-post-thumbnail hentry referentiel-itil-5\" role=\"listitem\">\n\t\t\t\t<a class=\"elementor-post__thumbnail__link\" href=\"https:\/\/www.itilfrance.com\/video\/itil-version-5-les-4-categories-de-metriques-de-niveau-de-service\/\" tabindex=\"-1\" >\n\t\t\t<div class=\"elementor-post__thumbnail\"><img decoding=\"async\" width=\"584\" height=\"329\" src=\"https:\/\/www.itilfrance.com\/wp-content\/uploads\/2026\/03\/vlcsnap-2026-03-27-21h40m33s704-768x432.png\" class=\"attachment-medium_large size-medium_large wp-image-1160\" alt=\"\" srcset=\"https:\/\/www.itilfrance.com\/wp-content\/uploads\/2026\/03\/vlcsnap-2026-03-27-21h40m33s704-768x432.png 768w, https:\/\/www.itilfrance.com\/wp-content\/uploads\/2026\/03\/vlcsnap-2026-03-27-21h40m33s704-300x169.png 300w, https:\/\/www.itilfrance.com\/wp-content\/uploads\/2026\/03\/vlcsnap-2026-03-27-21h40m33s704-1024x576.png 1024w, https:\/\/www.itilfrance.com\/wp-content\/uploads\/2026\/03\/vlcsnap-2026-03-27-21h40m33s704-1536x864.png 1536w, https:\/\/www.itilfrance.com\/wp-content\/uploads\/2026\/03\/vlcsnap-2026-03-27-21h40m33s704-360x203.png 360w, https:\/\/www.itilfrance.com\/wp-content\/uploads\/2026\/03\/vlcsnap-2026-03-27-21h40m33s704-500x281.png 500w, https:\/\/www.itilfrance.com\/wp-content\/uploads\/2026\/03\/vlcsnap-2026-03-27-21h40m33s704.png 1920w\" sizes=\"(max-width: 584px) 100vw, 584px\" \/><\/div>\n\t\t<\/a>\n\t\t\t\t<div class=\"elementor-post__text\">\n\t\t\t\t<h3 class=\"elementor-post__title\">\n\t\t\t<a href=\"https:\/\/www.itilfrance.com\/video\/itil-version-5-les-4-categories-de-metriques-de-niveau-de-service\/\" >\n\t\t\t\tITIL (version 5) : les 4 cat\u00e9gories de m\u00e9triques de niveau de service\t\t\t<\/a>\n\t\t<\/h3>\n\t\t\t\t<div class=\"elementor-post__excerpt\">\n\t\t\t<p>Quatre cat\u00e9gories de m\u00e9triques de niveau de service : utilit\u00e9, garantie, durabilit\u00e9 et exp\u00e9rience utilisateur (UX) <a href=\"https:\/\/www.itilfrance.com\/video\/itil-version-5-les-4-categories-de-metriques-de-niveau-de-service\/\">Continuer la lecture <span class=\"meta-nav\">&rarr;<\/span><\/a><\/p>\n\t\t<\/div>\n\t\t\n\t\t<a class=\"elementor-post__read-more\" href=\"https:\/\/www.itilfrance.com\/video\/itil-version-5-les-4-categories-de-metriques-de-niveau-de-service\/\" aria-label=\"En savoir plus sur ITIL (version 5) : les 4 cat\u00e9gories de m\u00e9triques de niveau de service\" tabindex=\"-1\" >\n\t\t\tVoir la vid\u00e9o \u00bb\t\t<\/a>\n\n\t\t\t\t<\/div>\n\t\t\t\t<\/article>\n\t\t\t\t<\/div>\n\t\t\n\t\t\t\t\t\t<\/div>\n\t\t\t\t<\/div>\n\t\t\t\t<div class=\"elementor-element elementor-element-329f080 elementor-widget elementor-widget-text-editor\" data-id=\"329f080\" data-element_type=\"widget\" data-e-type=\"widget\" data-widget_type=\"text-editor.default\">\n\t\t\t\t\t\t\t\t\t<p><a href=\"https:\/\/www.certyou.com\/\"><img loading=\"lazy\" decoding=\"async\" class=\"wp-image-1096 alignleft\" src=\"https:\/\/www.itilfrance.com\/wp-content\/uploads\/2026\/02\/logo-certyou-300x197.png\" alt=\"\" width=\"141\" height=\"96\" \/><\/a>Si vous \u00eates int\u00e9ress\u00e9 pour suivre les formations que j&rsquo;anime, sachez que j&rsquo;interviens r\u00e9guli\u00e8rement chez CERTyou, bas\u00e9 \u00e0 Paris. Voici le calendrier des prochaines sessions que je vais animer :<\/p>\t\t\t\t\t\t\t\t<\/div>\n\t\t<div class=\"elementor-element elementor-element-26a0c9e e-grid e-con-full e-con e-child\" data-id=\"26a0c9e\" data-element_type=\"container\" data-e-type=\"container\">\n\t\t\t\t<div class=\"elementor-element elementor-element-9ad40ba elementor-widget elementor-widget-text-editor\" data-id=\"9ad40ba\" data-element_type=\"widget\" data-e-type=\"widget\" data-widget_type=\"text-editor.default\">\n\t\t\t\t\t\t\t\t\t<p><a href=\"https:\/\/www.certyou.com\/\"><img loading=\"lazy\" decoding=\"async\" class=\"wp-image-1099 aligncenter\" src=\"https:\/\/www.itilfrance.com\/wp-content\/uploads\/2026\/02\/P2V7-FND-FR-SESSION_480x480-300x300.jpg\" alt=\"\" width=\"250\" height=\"250\" srcset=\"https:\/\/www.itilfrance.com\/wp-content\/uploads\/2026\/02\/P2V7-FND-FR-SESSION_480x480-300x300.jpg 300w, https:\/\/www.itilfrance.com\/wp-content\/uploads\/2026\/02\/P2V7-FND-FR-SESSION_480x480-150x150.jpg 150w, https:\/\/www.itilfrance.com\/wp-content\/uploads\/2026\/02\/P2V7-FND-FR-SESSION_480x480-360x360.jpg 360w, https:\/\/www.itilfrance.com\/wp-content\/uploads\/2026\/02\/P2V7-FND-FR-SESSION_480x480.jpg 480w\" sizes=\"(max-width: 250px) 100vw, 250px\" \/><\/a><\/p>\n<p>(pr\u00e9sence\/distance)<\/p>\n<p>Dates : <strong>8 au 10 avril 2026<\/strong><\/p>\n<p>Lieu : <strong>CERTyou, 37 rue de Li\u00e8ge, B\u00e2t A \u2013 4\u00e8me \u00e9tage<\/strong><br \/><strong>75008 &#8211; PARIS<\/strong><\/p>\t\t\t\t\t\t\t\t<\/div>\n\t\t\t\t<div class=\"elementor-element elementor-element-66242a3 elementor-widget elementor-widget-text-editor\" data-id=\"66242a3\" data-element_type=\"widget\" data-e-type=\"widget\" data-widget_type=\"text-editor.default\">\n\t\t\t\t\t\t\t\t\t<p><a href=\"https:\/\/www.certyou.com\/\"><img loading=\"lazy\" decoding=\"async\" class=\"size-medium wp-image-1098 aligncenter\" src=\"https:\/\/www.itilfrance.com\/wp-content\/uploads\/2026\/02\/ITIL4-FND-SESSION_480x480-300x300.jpg\" alt=\"\" width=\"300\" height=\"300\" srcset=\"https:\/\/www.itilfrance.com\/wp-content\/uploads\/2026\/02\/ITIL4-FND-SESSION_480x480-300x300.jpg 300w, https:\/\/www.itilfrance.com\/wp-content\/uploads\/2026\/02\/ITIL4-FND-SESSION_480x480-150x150.jpg 150w, https:\/\/www.itilfrance.com\/wp-content\/uploads\/2026\/02\/ITIL4-FND-SESSION_480x480-360x360.jpg 360w, https:\/\/www.itilfrance.com\/wp-content\/uploads\/2026\/02\/ITIL4-FND-SESSION_480x480.jpg 480w\" sizes=\"(max-width: 300px) 100vw, 300px\" \/><\/a><\/p>\n<p>(pr\u00e9sence\/distance)<\/p>\n<p>Dates : <strong>5 au 7 mai 2026<\/strong><\/p>\n<p>Lieu : <strong>CERTyou, 37 rue de Li\u00e8ge, B\u00e2t A \u2013 4\u00e8me \u00e9tage<\/strong><br \/><strong>75008 &#8211; PARIS<\/strong><\/p>\t\t\t\t\t\t\t\t<\/div>\n\t\t\t\t<div class=\"elementor-element elementor-element-3db2495 elementor-widget elementor-widget-text-editor\" data-id=\"3db2495\" data-element_type=\"widget\" data-e-type=\"widget\" data-widget_type=\"text-editor.default\">\n\t\t\t\t\t\t\t\t\t<p><a href=\"https:\/\/www.certyou.com\/\"><img loading=\"lazy\" decoding=\"async\" class=\"wp-image-1099 aligncenter\" src=\"https:\/\/www.itilfrance.com\/wp-content\/uploads\/2026\/02\/P2V7-FND-FR-SESSION_480x480-300x300.jpg\" alt=\"\" width=\"250\" height=\"250\" srcset=\"https:\/\/www.itilfrance.com\/wp-content\/uploads\/2026\/02\/P2V7-FND-FR-SESSION_480x480-300x300.jpg 300w, https:\/\/www.itilfrance.com\/wp-content\/uploads\/2026\/02\/P2V7-FND-FR-SESSION_480x480-150x150.jpg 150w, https:\/\/www.itilfrance.com\/wp-content\/uploads\/2026\/02\/P2V7-FND-FR-SESSION_480x480-360x360.jpg 360w, https:\/\/www.itilfrance.com\/wp-content\/uploads\/2026\/02\/P2V7-FND-FR-SESSION_480x480.jpg 480w\" sizes=\"(max-width: 250px) 100vw, 250px\" \/><\/a><\/p>\n<p>(pr\u00e9sence\/distance)<\/p>\n<p>Dates : <strong>11 au 13 mai 2026<\/strong><\/p>\n<p>Lieu : <strong>CERTyou, 37 rue de Li\u00e8ge, B\u00e2t A \u2013 4\u00e8me \u00e9tage<\/strong><br \/><strong>75008 &#8211; PARIS<\/strong><\/p>\t\t\t\t\t\t\t\t<\/div>\n\t\t\t\t<div class=\"elementor-element elementor-element-f23982e elementor-widget elementor-widget-text-editor\" data-id=\"f23982e\" data-element_type=\"widget\" data-e-type=\"widget\" data-widget_type=\"text-editor.default\">\n\t\t\t\t\t\t\t\t\t<p><a href=\"https:\/\/www.certyou.com\/\"><img loading=\"lazy\" decoding=\"async\" class=\"wp-image-1099 aligncenter\" src=\"https:\/\/www.itilfrance.com\/wp-content\/uploads\/2026\/02\/P2V7-FND-FR-SESSION_480x480-300x300.jpg\" alt=\"\" width=\"250\" height=\"250\" srcset=\"https:\/\/www.itilfrance.com\/wp-content\/uploads\/2026\/02\/P2V7-FND-FR-SESSION_480x480-300x300.jpg 300w, https:\/\/www.itilfrance.com\/wp-content\/uploads\/2026\/02\/P2V7-FND-FR-SESSION_480x480-150x150.jpg 150w, https:\/\/www.itilfrance.com\/wp-content\/uploads\/2026\/02\/P2V7-FND-FR-SESSION_480x480-360x360.jpg 360w, https:\/\/www.itilfrance.com\/wp-content\/uploads\/2026\/02\/P2V7-FND-FR-SESSION_480x480.jpg 480w\" sizes=\"(max-width: 250px) 100vw, 250px\" \/><\/a><\/p>\n<p>(pr\u00e9sence\/distance)<\/p>\n<p>Dates : <strong>1er au 3 juin 2026<\/strong><\/p>\n<p>Lieu : <strong>CERTyou, 37 rue de Li\u00e8ge, B\u00e2t A \u2013 4\u00e8me \u00e9tage<\/strong><br \/><strong>75008 &#8211; PARIS<\/strong><\/p>\t\t\t\t\t\t\t\t<\/div>\n\t\t\t\t<\/div>\n\t\t\t\t\t<\/div>\n\t\t\t\t<\/div>\n\t\t<div class=\"elementor-element elementor-element-03195dc e-flex e-con-boxed e-con e-parent\" data-id=\"03195dc\" data-element_type=\"container\" data-e-type=\"container\">\n\t\t\t\t\t<div class=\"e-con-inner\">\n\t\t\t\t<div class=\"elementor-element elementor-element-a8f172f elementor-widget elementor-widget-text-editor\" data-id=\"a8f172f\" data-element_type=\"widget\" data-e-type=\"widget\" data-widget_type=\"text-editor.default\">\n\t\t\t\t\t\t\t\t\t<p><a href=\"https:\/\/laboutiqueitsm.com\"><img loading=\"lazy\" decoding=\"async\" class=\"size-medium wp-image-1116 alignleft\" src=\"https:\/\/www.itilfrance.com\/wp-content\/uploads\/2026\/02\/Logo_LBI_large-300x48.png\" alt=\"\" width=\"300\" height=\"48\" srcset=\"https:\/\/www.itilfrance.com\/wp-content\/uploads\/2026\/02\/Logo_LBI_large-300x48.png 300w, https:\/\/www.itilfrance.com\/wp-content\/uploads\/2026\/02\/Logo_LBI_large-768x124.png 768w, https:\/\/www.itilfrance.com\/wp-content\/uploads\/2026\/02\/Logo_LBI_large-360x58.png 360w, https:\/\/www.itilfrance.com\/wp-content\/uploads\/2026\/02\/Logo_LBI_large-500x81.png 500w, https:\/\/www.itilfrance.com\/wp-content\/uploads\/2026\/02\/Logo_LBI_large.png 1000w\" sizes=\"(max-width: 300px) 100vw, 300px\" \/><\/a>Si vous recherchez des coupons d&rsquo;examen (vouchers) ou d&rsquo;autres documents sur ITIL et d&rsquo;autres sujets, allez sur ma boutique en ligne.<\/p>\t\t\t\t\t\t\t\t<\/div>\n\t\t\t\t\t<\/div>\n\t\t\t\t<\/div>\n\t\t\t\t<\/div>\n\t\t","protected":false},"excerpt":{"rendered":"<p>Cr\u00e9\u00e9 en mai 2003, ce site a suivi toutes les \u00e9volutions d&rsquo;ITIL, de la version 2 en 2004, suivie de la version 3 en 2007 et de la version 4 en 2019. Et voici l&rsquo;\u00e9volution ITIL (version 5). Ce site &hellip; <a href=\"https:\/\/www.itilfrance.com\/video\/itil-version-5-les-4-categories-de-metriques-de-niveau-de-service\/\">Continuer la lecture <span class=\"meta-nav\">&rarr;<\/span><\/a> <a href=\"https:\/\/www.itilfrance.com\/video\/itil-version-5-les-4-categories-de-metriques-de-niveau-de-service\/\">Continuer la lecture <span class=\"meta-nav\">&rarr;<\/span><\/a><\/p>\n","protected":false},"author":1,"featured_media":0,"parent":0,"menu_order":0,"comment_status":"closed","ping_status":"closed","template":"elementor_header_footer","meta":{"_acf_changed":false,"footnotes":""},"class_list":["post-15","page","type-page","status-publish","hentry"],"acf":[],"_links":{"self":[{"href":"https:\/\/www.itilfrance.com\/wp-json\/wp\/v2\/pages\/15","targetHints":{"allow":["GET"]}}],"collection":[{"href":"https:\/\/www.itilfrance.com\/wp-json\/wp\/v2\/pages"}],"about":[{"href":"https:\/\/www.itilfrance.com\/wp-json\/wp\/v2\/types\/page"}],"author":[{"embeddable":true,"href":"https:\/\/www.itilfrance.com\/wp-json\/wp\/v2\/users\/1"}],"replies":[{"embeddable":true,"href":"https:\/\/www.itilfrance.com\/wp-json\/wp\/v2\/comments?post=15"}],"version-history":[{"count":44,"href":"https:\/\/www.itilfrance.com\/wp-json\/wp\/v2\/pages\/15\/revisions"}],"predecessor-version":[{"id":1172,"href":"https:\/\/www.itilfrance.com\/wp-json\/wp\/v2\/pages\/15\/revisions\/1172"}],"wp:attachment":[{"href":"https:\/\/www.itilfrance.com\/wp-json\/wp\/v2\/media?parent=15"}],"curies":[{"name":"wp","href":"https:\/\/api.w.org\/{rel}","templated":true}]}}